{"id":3406,"date":"2024-02-19T16:42:43","date_gmt":"2024-02-19T19:42:43","guid":{"rendered":"https:\/\/novo.certi.org.br\/cookie-policy\/"},"modified":"2024-02-19T16:42:43","modified_gmt":"2024-02-19T19:42:43","slug":"cookie-policy","status":"publish","type":"page","link":"https:\/\/certi.org.br\/en\/cookie-policy\/","title":{"rendered":"Cookie Policy"},"content":{"rendered":"\t\t<div data-elementor-type=\"wp-page\" data-elementor-id=\"3406\" class=\"elementor elementor-3406 elementor-724\" data-elementor-post-type=\"page\">\n\t\t\t\t<div class=\"elementor-element elementor-element-05ce878 e-con-full e-flex e-con e-parent\" data-id=\"05ce878\" data-element_type=\"container\" data-e-type=\"container\">\n\t\t\t\t<div class=\"elementor-element elementor-element-bb6e862 elementor-widget elementor-widget-template\" data-id=\"bb6e862\" data-element_type=\"widget\" data-e-type=\"widget\" data-widget_type=\"template.default\">\n\t\t\t\t<div class=\"elementor-widget-container\">\n\t\t\t\t\t\t\t<div class=\"elementor-template\">\n\t\t\t\t\t<div data-elementor-type=\"container\" data-elementor-id=\"307\" class=\"elementor elementor-307\" data-elementor-post-type=\"elementor_library\">\n\t\t\t\t<div class=\"elementor-element elementor-element-9c28722 e-flex e-con-boxed e-con e-parent\" data-id=\"9c28722\" data-element_type=\"container\" data-e-type=\"container\" data-settings=\"{&quot;background_background&quot;:&quot;classic&quot;}\">\n\t\t\t\t\t<div class=\"e-con-inner\">\n\t\t\t\t\t<\/div>\n\t\t\t\t<\/div>\n\t\t\t\t<\/div>\n\t\t\t\t<\/div>\n\t\t\t\t\t\t<\/div>\n\t\t\t\t<\/div>\n\t\t\t\t<\/div>\n\t\t<div class=\"elementor-element elementor-element-57cb058 politicadeprivacidade e-flex e-con-boxed e-con e-parent\" data-id=\"57cb058\" data-element_type=\"container\" data-e-type=\"container\">\n\t\t\t\t\t<div class=\"e-con-inner\">\n\t\t<div class=\"elementor-element elementor-element-a9a0439 e-con-full e-flex e-con e-child\" data-id=\"a9a0439\" data-element_type=\"container\" data-e-type=\"container\">\n\t\t\t\t<div class=\"elementor-element elementor-element-77f3391 elementor-widget elementor-widget-text-editor\" data-id=\"77f3391\" data-element_type=\"widget\" data-e-type=\"widget\" data-widget_type=\"text-editor.default\">\n\t\t\t\t\t\t\t\t\t<p>\n\t\t\t\t\t\u00daltima atualiza\u00e7\u00e3o: <b>05\/05\/2022<\/b><br><\/p>\n<p>\t\t\t\t\tO objetivo dessa Pol\u00edtica \u00e9 informar a voc\u00ea, na condi\u00e7\u00e3o de usu\u00e1rio, informa\u00e7\u00f5es sobre os cookies que a <b>Funda\u00e7\u00e3o CERTI<\/b> utiliza, a finalidade para quais s\u00e3o coletados e as op\u00e7\u00f5es de configura\u00e7\u00e3o.<br><br>\t\t\t\t\tBuscando aprimorar sua experi\u00eancia nas plataformas digitais da <b>Funda\u00e7\u00e3o CERTI<\/b> e para fins de publicidade, informa-se que s\u00e3o utilizados cookies e tecnologias semelhantes, como outros softwares, incluindo web beacons e pixel tags, coletivamente \u201ccookies\u201d.<br><br>\t\t\t\t\tOs cookies s\u00e3o pequenos arquivos de textos utilizados para reconhecer seu navegador ou dispositivo, saber mais sobre seus interesses e oferecer a voc\u00ea recursos e servi\u00e7os essenciais, al\u00e9m de <b>finalidade adicionais<\/b>, incluindo:\n\t\t\t\t<\/p>\n<table class=\"table-politica p-cookies\">\n<tbody>\n<tr>\n<td class=\"td1\">\n<p>\n\t\t\t\t\t\t\t\t\tArmazenar prefer\u00eancias e configura\u00e7\u00e3o\n\t\t\t\t\t\t\t\t<\/p>\n<\/td>\n<td class=\"td2\">\n<p>\n\t\t\t\t\t\t\t\t\tBuscando melhorar sua experi\u00eancia nas Plataformas, a Funda\u00e7\u00e3o CERTI busca reconhecer voc\u00ea quando acessar os servi\u00e7os, a fim de que voc\u00ea n\u00e3o precise definir suas prefer\u00eancias repetidamente\n\t\t\t\t\t\t\t\t<\/p>\n<\/td>\n<\/tr>\n<tr>\n<td class=\"td1\">\n<p>\n\t\t\t\t\t\t\t\t\tSeguran\u00e7a\n\t\t\t\t\t\t\t\t<\/p>\n<\/td>\n<td class=\"td2\">\n<p>\n\t\t\t\t\t\t\t\t\tBuscando aprovisionar uma experi\u00eancia mais segura a voc\u00ea, a Funda\u00e7\u00e3o CERTI utiliza cookies para processar as informa\u00e7\u00f5es para ajudar a proteger os seus produtos, bem como detectar fraudes e abuso\n\t\t\t\t\t\t\t\t<\/p>\n<\/td>\n<\/tr>\n<tr>\n<td class=\"td1\">\n<p>\n\t\t\t\t\t\t\t\t\tRedes Sociais\n\t\t\t\t\t\t\t\t<\/p>\n<\/td>\n<td class=\"td2\">\n<p>\n\t\t\t\t\t\t\t\t\tAlgumas das plataformas da Funda\u00e7\u00e3o CERTI incluem cookies de m\u00eddias sociais, permitindo aos usu\u00e1rios conectados ao servi\u00e7o de m\u00eddias sociais compartilhar conte\u00fado por meio desse canal\n\t\t\t\t\t\t\t\t<\/p>\n<\/td>\n<\/tr>\n<tr>\n<td class=\"td1\">\n\t\t\t\t\t\t\t\tPublicidade com base em interesses\n\t\t\t\t\t\t\t<\/td>\n<td class=\"td2\">\n<p>\n\t\t\t\t\t\t\t\t\tCom a finalidade de acompanhar suas prefer\u00eancias espec\u00edficas, a Funda\u00e7\u00e3o CERTI coleta dados sobre suas atividades online, identifica seus interesses e fornece publicidade e conte\u00fado que sejam mais relevantes a voc\u00ea\n\t\t\t\t\t\t\t\t<\/p>\n<\/td>\n<\/tr>\n<tr>\n<td class=\"td1\">\n\t\t\t\t\t\t\t\tDesempenho\n\t\t\t\t\t\t\t<\/td>\n<td class=\"td2\">\n<p>\n\t\t\t\t\t\t\t\t\tPara entender e aprimorar o desempenho dos produtos da Funda\u00e7\u00e3o CERTI\n\t\t\t\t\t\t\t\t<\/p>\n<\/td>\n<\/tr>\n<\/tbody>\n<\/table>\n<p>\t\t\t\t<br><br><\/p>\n<h3>1. Tipos de cookies<\/h3>\n<p>\n\t\t\t\t\tPara sua maior seguran\u00e7a, descrevem-se a seguir os diversos tipos de cookies utilizados pela Funda\u00e7\u00e3o CERTI e suas funcionalidades. Salienta-se que os cookies podem variar a depender da Plataforma e do servi\u00e7o por voc\u00ea utilizado:<br><br>\t\t\t\t\t<b>a) Cookies definidos pela Funda\u00e7\u00e3o CERTI<\/b><br>\t\t\t\t\tBuscando oferecer a voc\u00ea a melhor experi\u00eancia de acesso e funcionamento adequado nas Plataformas Digitais a Funda\u00e7\u00e3o CERTI informa que s\u00e3o coletados dados relacionados \u00e0 navega\u00e7\u00e3o a depender do tipo de dispositivo utilizado, das autoriza\u00e7\u00f5es concedidas por voc\u00ea atrav\u00e9s das configura\u00e7\u00f5es de seu dispositivo e das funcionalidades utilizadas em cada aplica\u00e7\u00e3o, conforme:\n\t\t\t\t<\/p>\n<table class=\"table-politica p-cookies\">\n<tbody>\n<\/tbody>\n<thead>\n<tr>\n<td>Tipo de cookie<\/td>\n<td>Finalidade<\/td>\n<\/tr>\n<\/thead>\n<tbody>\n<tr>\n<td class=\"td1\">\n<p>\n\t\t\t\t\t\t\t\t\tCookies essenciais\n\t\t\t\t\t\t\t\t<\/p>\n<\/td>\n<td class=\"td2\">\n<p>\n\t\t\t\t\t\t\t\t\tEsses s\u00e3o estritamente necess\u00e1rios para o funcionamento das Plataformas, sem eles a Funda\u00e7\u00e3o CERTI n\u00e3o pode fornecer a voc\u00ea alguns servi\u00e7os essenciais, como as funcionalidades b\u00e1sicas da Plataforma.\n\t\t\t\t\t\t\t\t<\/p>\n<\/td>\n<\/tr>\n<tr>\n<td class=\"td1\">\n<p>\n\t\t\t\t\t\t\t\t\tCookies de desempenho e funcionalidade\n\t\t\t\t\t\t\t\t<\/p>\n<\/td>\n<td class=\"td2\">\n<p>\n\t\t\t\t\t\t\t\t\tCom a fun\u00e7\u00e3o de coletar informa\u00e7\u00f5es sobre a forma que voc\u00ea utiliza as Plataformas, esses cookies permitem que a Funda\u00e7\u00e3o CERTI armazene as op\u00e7\u00f5es que voc\u00ea fez enquanto navegava. Essas informa\u00e7\u00f5es ser\u00e3o utilizadas para otimizar as Plataformas, facilitando a navega\u00e7\u00e3o. Esses cookies n\u00e3o identificam voc\u00ea e sua desativa\u00e7\u00e3o poder\u00e1 acarretar preju\u00edzos na entrega de alguns recursos das Plataformas.\n\t\t\t\t\t\t\t\t<\/p>\n<\/td>\n<\/tr>\n<tr>\n<td class=\"td1\">\n<p>\n\t\t\t\t\t\t\t\t\tCookies de an\u00e1lise e personaliza\u00e7\u00e3o\n\t\t\t\t\t\t\t\t<\/p>\n<\/td>\n<td class=\"td2\">\n<p>\n\t\t\t\t\t\t\t\t\tAo coletar essas informa\u00e7\u00f5es, a Funda\u00e7\u00e3o CERTI \u00e9 capaz de compreender como as Plataformas est\u00e3o sendo utilizadas e mensurar a efic\u00e1cia de suas campanhas de marketing, auxiliando, assim, a personalizar os seus meios digitais. A desativa\u00e7\u00e3o desses cookies poder\u00e1 acarretar preju\u00edzos na entrega de alguns recursos das Plataformas.\n\t\t\t\t\t\t\t\t<\/p>\n<\/td>\n<\/tr>\n<tr>\n<td class=\"td1\">\n\t\t\t\t\t\t\t\tCookies de publicidade\n\t\t\t\t\t\t\t<\/td>\n<td class=\"td2\">\n<p>\n\t\t\t\t\t\t\t\t\tColetam informa\u00e7\u00f5es sobre seu hist\u00f3rico de navega\u00e7\u00e3o ou de compras, e s\u00e3o utilizados para encaminhar publicidades de seu interesse. Possuem tamb\u00e9m a fun\u00e7\u00e3o de evitar que an\u00fancios sejam repetidos continuamente e garantir que an\u00fancios inapropriados n\u00e3o sejam exibidos. A Funda\u00e7\u00e3o CERTI pode compartilhar essas informa\u00e7\u00f5es com terceiros para auxiliar na cria\u00e7\u00e3o e divulga\u00e7\u00e3o de an\u00fancios personalizados. A desativa\u00e7\u00e3o desses cookies poder\u00e1 acarretar preju\u00edzos na entrega de alguns recursos das Plataformas.\n\t\t\t\t\t\t\t\t<\/p>\n<\/td>\n<\/tr>\n<tr>\n<td class=\"td1\">\n\t\t\t\t\t\t\t\tCookies de redes sociais\n\t\t\t\t\t\t\t<\/td>\n<td class=\"td2\">\n<p>\n\t\t\t\t\t\t\t\t\tS\u00e3o utilizados para permitir que voc\u00ea acesse e compartilhe conte\u00fado das Plataformas atrav\u00e9s das suas redes sociais. A Funda\u00e7\u00e3o CERTI poder\u00e1, tamb\u00e9m, utilizar esses cookies para exibir publicidade.\n\t\t\t\t\t\t\t\t<\/p>\n<\/td>\n<\/tr>\n<\/tbody>\n<\/table>\n<p><br><\/p>\n<p>\n\t\t\t\t\t<b>b) Cookies definidos por terceiros<\/b><br><\/p>\n<p>\t\t\t\t\tAl\u00e9m dos Cookies definidos pela Funda\u00e7\u00e3o CERTI quando voc\u00ea acessa as Plataformas, haver\u00e1 coleta de cookies por terceiros. Esses terceiros incluem motores de busca, provedores de servi\u00e7os de medi\u00e7\u00e3o e an\u00e1lise, redes de m\u00eddias sociais e empresas de publicidade.<br><br>\t\t\t\t\tInforma-se que os terceiros podem utilizar os cookies no processo de entrega de conte\u00fado, incluindo an\u00fancios relevantes de seu interesse, para medir a efetividade de seus an\u00fancios e para desempenhar servi\u00e7os em nome da Funda\u00e7\u00e3o CERTI, sendo que a Funda\u00e7\u00e3o CERTI n\u00e3o tem qualquer gerenciamento sobre esses cookies.<\/p>\n<h3><br>II) Gerenciamento das prefer\u00eancias de cookies<\/h3>\n<p>\n\t\t\t\t\tA maioria dos navegadores aceita automaticamente os cookies, mas voc\u00ea pode gerenci\u00e1-los por meio das configura\u00e7\u00f5es de seu navegador, retirando ou alterando o seu consentimento sobre os cookies a qualquer momento, exceto em rela\u00e7\u00e3o aos cookies classificados como \u201ccookies essenciais\u201d.<br><br>\t\t\t\t\tO recurso \u2018Ajuda\u201d da maior parte dos navegadores ensina a impedir seu navegador de aceitar novos cookies, como fazer com que o navegador o informe quando voc\u00ea recebe novos cookies, como bloquear os cookies do seu navegador, entre outros. Salientamos, por\u00e9m, que ao bloquear ou excluir determinados cookies, \u00e9 poss\u00edvel que voc\u00ea n\u00e3o consiga utilizar certos recursos das Plataformas da Funda\u00e7\u00e3o CERTI.<br><br>\t\t\t\t\tPara maiores informa\u00e7\u00f5es sobre como proceder em rela\u00e7\u00e3o \u00e0 gest\u00e3o dos cookies nos navegadores, disponibilizamos os seguintes links:<br><br>\t\t\t\t\t<b>Internet Explorer:<\/b>  <a href=\"https:\/\/support.microsoft.com\/pt-br\/help\/17442\/windows-internet-explorer-delete-manage-cookies\" target=\"_blank\">Clique aqui<\/a> <br>\t\t\t\t\t<b>Mozilla Firefox:<\/b> <a href=\"https:\/\/support.mozilla.org\/pt-BR\/kb\/ative-e-desative-os-cookies-que-os-sites-usam\" target=\"_blank\">Clique aqui<\/a> <br>\t\t\t\t\t<b>Google Chrome:<\/b> <a href=\"https:\/\/support.google.com\/accounts\/answer\/61416?co=GENIE.Platform%3DDesktop&amp;hl=pt-BR\" target=\"_blank\">Clique aqui<\/a> <br>\t\t\t\t\t<b>Safari:<\/b> <a href=\"https:\/\/support.apple.com\/pt-br\/guide\/safari\/sfri11471\/mac\" target=\"_blank\">Clique aqui<\/a> <br>\t\t\t\t\t<b>Microsoft Edge:<\/b> <a href=\"https:\/\/support.microsoft.com\/pt-br\/help\/4468242\/microsoft-edge-browsing-data-and-privacy-microsoft-privacy\" target=\"_blank\">Clique aqui<\/a> <br>\t\t\t\t<\/p>\n<p><span style=\"color: inherit; font-family: inherit; font-size: 1.75rem; letter-spacing: var( --e-global-typography-text-letter-spacing ); text-align: var(--text-align);\"><br><\/span><\/p><p><span style=\"color: inherit; font-family: inherit; font-size: 1.75rem; letter-spacing: var( --e-global-typography-text-letter-spacing ); text-align: var(--text-align);\">III) Armazenamento de dados<\/span><br><\/p>\n<p>\n\t\t\t\t\tOs seus dados obtidos atrav\u00e9s dos cookies ser\u00e3o armazenados enquanto forem necess\u00e1rios para os fins pretendidos, ou enquanto perdurar seu consentimento.<br><br>\t\t\t\t\tOs seus dados sens\u00edveis obtidos atrav\u00e9s dos cookies ser\u00e3o armazenados enquanto forem necess\u00e1rios para os fins pretendidos, ou enquanto perdurar seu consentimento. Em determinados casos podem ser aplicados per\u00edodos de conserva\u00e7\u00e3o maiores por obriga\u00e7\u00e3o legal ou ent\u00e3o por serem necess\u00e1rios para a declara\u00e7\u00e3o, exerc\u00edcio ou defesa de um direito jur\u00eddico em a\u00e7\u00f5es judiciais.\n\t\t\t\t<\/p>\n<p>\t\t\t\t<br><\/p>\n<h3>IV) Atualiza\u00e7\u00f5es<\/h3>\n<p>\n\t\t\t\t\tA Funda\u00e7\u00e3o CERTI est\u00e1 sempre buscando melhorar os servi\u00e7os e a forma de como opera. Por conta disso, a presente Pol\u00edtica de Cookies poder\u00e1 ser atualizada a qualquer tempo para refletir as melhorias realizadas, recomendando-se a visita peri\u00f3dica desta p\u00e1gina para que voc\u00ea tenha conhecimento sobre as modifica\u00e7\u00f5es efetivadas.\n\t\t\t\t<\/p>\n<p>\t\t\t\t<br><\/p>\n<h3>IV) Contato<\/h3>\n<p>\n\t\t\t\t\tCaso voc\u00ea tenha alguma d\u00favida a respeito desta Pol\u00edtica, pode ser enviada mensagem para o encarregado pelo tratamento de dados pessoais atrav\u00e9s do e-mail <a href=\"mailto:privacy@certi.org.br\">privacy@certi.org.br<\/a>.<br><br>\t\t\t\t\tFUNDA\u00c7\u00c3O CENTROS DE REFER\u00caNCIA EM TECNOLOGIAS INOVADORAS &#8211; CERTI\n\t\t\t\t<\/p>\t\t\t\t\t\t\t\t<\/div>\n\t\t\t\t<\/div>\n\t\t\t\t\t<\/div>\n\t\t\t\t<\/div>\n\t\t\t\t<\/div>\n\t\t","protected":false},"excerpt":{"rendered":"<p>Last updated: 05\/05\/2022 The purpose of this Policy is to inform you, as a user, about the cookies that the CERTI Foundation uses, the purpose for which they are collected and the configuration options. In order to enhance your experience on the CERTI Foundation &#8216;s digital platforms and for advertising purposes, we inform you that [&hellip;]<\/p>\n","protected":false},"author":1,"featured_media":4864,"parent":0,"menu_order":0,"comment_status":"closed","ping_status":"closed","template":"","meta":{"_acf_changed":false,"footnotes":""},"folder":[],"class_list":["post-3406","page","type-page","status-publish","has-post-thumbnail","hentry"],"acf":[],"_links":{"self":[{"href":"https:\/\/certi.org.br\/en\/wp-json\/wp\/v2\/pages\/3406","targetHints":{"allow":["GET"]}}],"collection":[{"href":"https:\/\/certi.org.br\/en\/wp-json\/wp\/v2\/pages"}],"about":[{"href":"https:\/\/certi.org.br\/en\/wp-json\/wp\/v2\/types\/page"}],"author":[{"embeddable":true,"href":"https:\/\/certi.org.br\/en\/wp-json\/wp\/v2\/users\/1"}],"replies":[{"embeddable":true,"href":"https:\/\/certi.org.br\/en\/wp-json\/wp\/v2\/comments?post=3406"}],"version-history":[{"count":0,"href":"https:\/\/certi.org.br\/en\/wp-json\/wp\/v2\/pages\/3406\/revisions"}],"wp:featuredmedia":[{"embeddable":true,"href":"https:\/\/certi.org.br\/en\/wp-json\/wp\/v2\/media\/4864"}],"wp:attachment":[{"href":"https:\/\/certi.org.br\/en\/wp-json\/wp\/v2\/media?parent=3406"}],"wp:term":[{"taxonomy":"folder","embeddable":true,"href":"https:\/\/certi.org.br\/en\/wp-json\/wp\/v2\/folder?post=3406"}],"curies":[{"name":"wp","href":"https:\/\/api.w.org\/{rel}","templated":true}]}}